{"id":5588,"date":"2022-09-21T14:51:32","date_gmt":"2022-09-21T14:51:32","guid":{"rendered":"https:\/\/www.mecaconcept.ca\/mecaconcept-canada-accueil\/"},"modified":"2026-04-02T08:18:28","modified_gmt":"2026-04-02T08:18:28","slug":"mecaconcept-canada-accueil","status":"publish","type":"page","link":"https:\/\/www.mecaconcept.ca\/en\/","title":{"rendered":"HOME-PAGE"},"content":{"rendered":"<div id=\"cs-content\" class=\"cs-content\"><\/div>\n","protected":false},"excerpt":{"rendered":"<p>MECACONCEPT CANADA Mechanical design &amp; tailor-made equipments at Granby SOLUTIONS FOR INDUSTRY AN EXTENDED SERVICE OFFERMECHANICAL DESIGN Mechanical studies and &#8230; <\/p>\n<div><a href=\"https:\/\/www.mecaconcept.ca\/en\/development-mecaconcept\/\" class=\"more-link\">Read More<\/a><\/div>\n","protected":false},"author":3,"featured_media":4896,"parent":0,"menu_order":1,"comment_status":"closed","ping_status":"closed","template":"template-blank-4.php","meta":{"footnotes":""},"class_list":["post-5588","page","type-page","status-publish","has-post-thumbnail","hentry"],"yoast_head":"<!-- This site is optimized with the Yoast SEO Premium plugin v27.3 (Yoast SEO v27.3) - https:\/\/yoast.com\/product\/yoast-seo-premium-wordpress\/ -->\n<title>MECACONCEPT CANADA , automatisme, robotique et vision industrielle<\/title>\n<meta name=\"description\" content=\"Bas\u00e9 \u00e0 Montr\u00e9al, MECACONCEPT Canada propose aux industriels des prestations en automatisme, robotique, vision industrielle et fabrication de machines sur-mesure.\" \/>\n<meta name=\"robots\" content=\"index, follow, max-snippet:-1, max-image-preview:large, max-video-preview:-1\" \/>\n<link rel=\"canonical\" href=\"https:\/\/www.mecaconcept.ca\/en\/mecaconcept-canada-accueil\/\" \/>\n<meta property=\"og:locale\" content=\"en_US\" \/>\n<meta property=\"og:type\" content=\"article\" \/>\n<meta property=\"og:title\" content=\"HOME-PAGE\" \/>\n<meta property=\"og:description\" content=\"Bas\u00e9 \u00e0 Montr\u00e9al, MECACONCEPT Canada propose aux industriels des prestations en automatisme, robotique, vision industrielle et fabrication de machines sur-mesure.\" \/>\n<meta property=\"og:url\" content=\"https:\/\/www.mecaconcept.ca\/en\/mecaconcept-canada-accueil\/\" \/>\n<meta property=\"og:site_name\" content=\"Mecaconcept Canada\" \/>\n<meta property=\"article:modified_time\" content=\"2026-04-02T08:18:28+00:00\" \/>\n<meta property=\"og:image\" content=\"https:\/\/www.mecaconcept.ca\/wp-content\/uploads\/2022\/08\/logo-long-noir-4.png\" \/>\n\t<meta property=\"og:image:width\" content=\"373\" \/>\n\t<meta property=\"og:image:height\" content=\"121\" \/>\n\t<meta property=\"og:image:type\" content=\"image\/png\" \/>\n<meta name=\"twitter:card\" content=\"summary_large_image\" \/>\n<meta name=\"twitter:image\" content=\"https:\/\/www.mecaconcept.ca\/wp-content\/uploads\/2022\/08\/logo-long-noir-4.png\" \/>\n<meta name=\"twitter:label1\" content=\"Est. reading time\" \/>\n\t<meta name=\"twitter:data1\" content=\"2 minutes\" \/>\n<script type=\"application\/ld+json\" class=\"yoast-schema-graph\">{\"@context\":\"https:\\\/\\\/schema.org\",\"@graph\":[{\"@type\":\"WebPage\",\"@id\":\"https:\\\/\\\/www.mecaconcept.ca\\\/en\\\/mecaconcept-canada-accueil\\\/\",\"url\":\"https:\\\/\\\/www.mecaconcept.ca\\\/en\\\/mecaconcept-canada-accueil\\\/\",\"name\":\"MECACONCEPT CANADA , automatisme, robotique et vision industrielle\",\"isPartOf\":{\"@id\":\"https:\\\/\\\/www.mecaconcept.ca\\\/#website\"},\"primaryImageOfPage\":{\"@id\":\"https:\\\/\\\/www.mecaconcept.ca\\\/en\\\/mecaconcept-canada-accueil\\\/#primaryimage\"},\"image\":{\"@id\":\"https:\\\/\\\/www.mecaconcept.ca\\\/en\\\/mecaconcept-canada-accueil\\\/#primaryimage\"},\"thumbnailUrl\":\"https:\\\/\\\/www.mecaconcept.ca\\\/wp-content\\\/uploads\\\/2022\\\/08\\\/logo-noir-fond-jaune.png\",\"datePublished\":\"2022-09-21T14:51:32+00:00\",\"dateModified\":\"2026-04-02T08:18:28+00:00\",\"description\":\"Bas\u00e9 \u00e0 Montr\u00e9al, MECACONCEPT Canada propose aux industriels des prestations en automatisme, robotique, vision industrielle et fabrication de machines sur-mesure.\",\"breadcrumb\":{\"@id\":\"https:\\\/\\\/www.mecaconcept.ca\\\/en\\\/mecaconcept-canada-accueil\\\/#breadcrumb\"},\"inLanguage\":\"en-US\",\"potentialAction\":[{\"@type\":\"ReadAction\",\"target\":[\"https:\\\/\\\/www.mecaconcept.ca\\\/en\\\/mecaconcept-canada-accueil\\\/\"]}]},{\"@type\":\"ImageObject\",\"inLanguage\":\"en-US\",\"@id\":\"https:\\\/\\\/www.mecaconcept.ca\\\/en\\\/mecaconcept-canada-accueil\\\/#primaryimage\",\"url\":\"https:\\\/\\\/www.mecaconcept.ca\\\/wp-content\\\/uploads\\\/2022\\\/08\\\/logo-noir-fond-jaune.png\",\"contentUrl\":\"https:\\\/\\\/www.mecaconcept.ca\\\/wp-content\\\/uploads\\\/2022\\\/08\\\/logo-noir-fond-jaune.png\",\"width\":178,\"height\":161},{\"@type\":\"BreadcrumbList\",\"@id\":\"https:\\\/\\\/www.mecaconcept.ca\\\/en\\\/mecaconcept-canada-accueil\\\/#breadcrumb\",\"itemListElement\":[{\"@type\":\"ListItem\",\"position\":1,\"name\":\"Accueil\",\"item\":\"https:\\\/\\\/www.mecaconcept.ca\\\/en\\\/mecaconcept-canada-accueil\\\/\"},{\"@type\":\"ListItem\",\"position\":2,\"name\":\"accueil\"}]},{\"@type\":\"WebSite\",\"@id\":\"https:\\\/\\\/www.mecaconcept.ca\\\/#website\",\"url\":\"https:\\\/\\\/www.mecaconcept.ca\\\/\",\"name\":\"Mecaconcept Canada\",\"description\":\"machine industrielle sur mesure et calculs m\u00e9caniques au Qu\u00e9bec\",\"potentialAction\":[{\"@type\":\"SearchAction\",\"target\":{\"@type\":\"EntryPoint\",\"urlTemplate\":\"https:\\\/\\\/www.mecaconcept.ca\\\/?s={search_term_string}\"},\"query-input\":{\"@type\":\"PropertyValueSpecification\",\"valueRequired\":true,\"valueName\":\"search_term_string\"}}],\"inLanguage\":\"en-US\"}]}<\/script>\n<!-- \/ Yoast SEO Premium plugin. -->","yoast_head_json":{"title":"MECACONCEPT CANADA , automatisme, robotique et vision industrielle","description":"Bas\u00e9 \u00e0 Montr\u00e9al, MECACONCEPT Canada propose aux industriels des prestations en automatisme, robotique, vision industrielle et fabrication de machines sur-mesure.","robots":{"index":"index","follow":"follow","max-snippet":"max-snippet:-1","max-image-preview":"max-image-preview:large","max-video-preview":"max-video-preview:-1"},"canonical":"https:\/\/www.mecaconcept.ca\/en\/mecaconcept-canada-accueil\/","og_locale":"en_US","og_type":"article","og_title":"HOME-PAGE","og_description":"Bas\u00e9 \u00e0 Montr\u00e9al, MECACONCEPT Canada propose aux industriels des prestations en automatisme, robotique, vision industrielle et fabrication de machines sur-mesure.","og_url":"https:\/\/www.mecaconcept.ca\/en\/mecaconcept-canada-accueil\/","og_site_name":"Mecaconcept Canada","article_modified_time":"2026-04-02T08:18:28+00:00","og_image":[{"width":373,"height":121,"url":"https:\/\/www.mecaconcept.ca\/wp-content\/uploads\/2022\/08\/logo-long-noir-4.png","type":"image\/png"}],"twitter_card":"summary_large_image","twitter_image":"https:\/\/www.mecaconcept.ca\/wp-content\/uploads\/2022\/08\/logo-long-noir-4.png","twitter_misc":{"Est. reading time":"2 minutes"},"schema":{"@context":"https:\/\/schema.org","@graph":[{"@type":"WebPage","@id":"https:\/\/www.mecaconcept.ca\/en\/mecaconcept-canada-accueil\/","url":"https:\/\/www.mecaconcept.ca\/en\/mecaconcept-canada-accueil\/","name":"MECACONCEPT CANADA , automatisme, robotique et vision industrielle","isPartOf":{"@id":"https:\/\/www.mecaconcept.ca\/#website"},"primaryImageOfPage":{"@id":"https:\/\/www.mecaconcept.ca\/en\/mecaconcept-canada-accueil\/#primaryimage"},"image":{"@id":"https:\/\/www.mecaconcept.ca\/en\/mecaconcept-canada-accueil\/#primaryimage"},"thumbnailUrl":"https:\/\/www.mecaconcept.ca\/wp-content\/uploads\/2022\/08\/logo-noir-fond-jaune.png","datePublished":"2022-09-21T14:51:32+00:00","dateModified":"2026-04-02T08:18:28+00:00","description":"Bas\u00e9 \u00e0 Montr\u00e9al, MECACONCEPT Canada propose aux industriels des prestations en automatisme, robotique, vision industrielle et fabrication de machines sur-mesure.","breadcrumb":{"@id":"https:\/\/www.mecaconcept.ca\/en\/mecaconcept-canada-accueil\/#breadcrumb"},"inLanguage":"en-US","potentialAction":[{"@type":"ReadAction","target":["https:\/\/www.mecaconcept.ca\/en\/mecaconcept-canada-accueil\/"]}]},{"@type":"ImageObject","inLanguage":"en-US","@id":"https:\/\/www.mecaconcept.ca\/en\/mecaconcept-canada-accueil\/#primaryimage","url":"https:\/\/www.mecaconcept.ca\/wp-content\/uploads\/2022\/08\/logo-noir-fond-jaune.png","contentUrl":"https:\/\/www.mecaconcept.ca\/wp-content\/uploads\/2022\/08\/logo-noir-fond-jaune.png","width":178,"height":161},{"@type":"BreadcrumbList","@id":"https:\/\/www.mecaconcept.ca\/en\/mecaconcept-canada-accueil\/#breadcrumb","itemListElement":[{"@type":"ListItem","position":1,"name":"Accueil","item":"https:\/\/www.mecaconcept.ca\/en\/mecaconcept-canada-accueil\/"},{"@type":"ListItem","position":2,"name":"accueil"}]},{"@type":"WebSite","@id":"https:\/\/www.mecaconcept.ca\/#website","url":"https:\/\/www.mecaconcept.ca\/","name":"Mecaconcept Canada","description":"machine industrielle sur mesure et calculs m\u00e9caniques au Qu\u00e9bec","potentialAction":[{"@type":"SearchAction","target":{"@type":"EntryPoint","urlTemplate":"https:\/\/www.mecaconcept.ca\/?s={search_term_string}"},"query-input":{"@type":"PropertyValueSpecification","valueRequired":true,"valueName":"search_term_string"}}],"inLanguage":"en-US"}]}},"_links":{"self":[{"href":"https:\/\/www.mecaconcept.ca\/en\/wp-json\/wp\/v2\/pages\/5588","targetHints":{"allow":["GET"]}}],"collection":[{"href":"https:\/\/www.mecaconcept.ca\/en\/wp-json\/wp\/v2\/pages"}],"about":[{"href":"https:\/\/www.mecaconcept.ca\/en\/wp-json\/wp\/v2\/types\/page"}],"author":[{"embeddable":true,"href":"https:\/\/www.mecaconcept.ca\/en\/wp-json\/wp\/v2\/users\/3"}],"replies":[{"embeddable":true,"href":"https:\/\/www.mecaconcept.ca\/en\/wp-json\/wp\/v2\/comments?post=5588"}],"version-history":[{"count":5,"href":"https:\/\/www.mecaconcept.ca\/en\/wp-json\/wp\/v2\/pages\/5588\/revisions"}],"predecessor-version":[{"id":7673,"href":"https:\/\/www.mecaconcept.ca\/en\/wp-json\/wp\/v2\/pages\/5588\/revisions\/7673"}],"wp:featuredmedia":[{"embeddable":true,"href":"https:\/\/www.mecaconcept.ca\/en\/wp-json\/wp\/v2\/media\/4896"}],"wp:attachment":[{"href":"https:\/\/www.mecaconcept.ca\/en\/wp-json\/wp\/v2\/media?parent=5588"}],"curies":[{"name":"wp","href":"https:\/\/api.w.org\/{rel}","templated":true}]}}