{"id":6197,"date":"2022-12-01T09:06:43","date_gmt":"2022-12-01T09:06:43","guid":{"rendered":"https:\/\/www.mecaconcept.ca\/manufacture-machine-robotique-vision\/"},"modified":"2023-08-03T07:31:50","modified_gmt":"2023-08-03T07:31:50","slug":"machine-robotics-vision","status":"publish","type":"page","link":"https:\/\/www.mecaconcept.ca\/en\/machine-robotics-vision\/","title":{"rendered":"manufacturing_machine_robotics_vision"},"content":{"rendered":"<div id=\"cs-content\" class=\"cs-content\"><\/div>\n","protected":false},"excerpt":{"rendered":"<p>MANUFACTURINGTaylor-made machineYou have a specific need for a single machine and you do not find standard solutions? MECACONCEPT makes your &#8230; <\/p>\n<div><a href=\"https:\/\/www.mecaconcept.ca\/en\/machine-robotics-vision\/\" class=\"more-link\">Read More<\/a><\/div>\n","protected":false},"author":3,"featured_media":0,"parent":0,"menu_order":0,"comment_status":"closed","ping_status":"closed","template":"template-blank-4.php","meta":{"footnotes":""},"class_list":["post-6197","page","type-page","status-publish","hentry","no-post-thumbnail"],"yoast_head":"<!-- This site is optimized with the Yoast SEO Premium plugin v27.3 (Yoast SEO v27.3) - https:\/\/yoast.com\/product\/yoast-seo-premium-wordpress\/ -->\n<title>Manufacture de machines sur-mesure, robotique et vision industrielle<\/title>\n<meta name=\"description\" content=\"MECACONCEPT Canada, bas\u00e9 \u00e0 Montr\u00e9al, QC est un fabricant d&#039;\u00e9quipement industriel cl\u00e9 en main : int\u00e9gration robotique - machine sur-mesure - vision industrielle\" \/>\n<meta name=\"robots\" content=\"index, follow, max-snippet:-1, max-image-preview:large, max-video-preview:-1\" \/>\n<link rel=\"canonical\" href=\"https:\/\/www.mecaconcept.ca\/en\/machine-robotics-vision\/\" \/>\n<meta property=\"og:locale\" content=\"en_US\" \/>\n<meta property=\"og:type\" content=\"article\" \/>\n<meta property=\"og:title\" content=\"ACTUALITE MECACONCEPT\" \/>\n<meta property=\"og:description\" content=\"MECACONCEPT Canada, bas\u00e9 \u00e0 Montr\u00e9al, QC est un fabricant d&#039;\u00e9quipement industriel cl\u00e9 en main : int\u00e9gration robotique - machine sur-mesure - vision industrielle\" \/>\n<meta property=\"og:url\" content=\"https:\/\/www.mecaconcept.ca\/en\/machine-robotics-vision\/\" \/>\n<meta property=\"og:site_name\" content=\"Mecaconcept Canada\" \/>\n<meta property=\"article:modified_time\" content=\"2023-08-03T07:31:50+00:00\" \/>\n<meta name=\"twitter:card\" content=\"summary_large_image\" \/>\n<meta name=\"twitter:title\" content=\"manufacturing_machine_robotics_vision\" \/>\n<meta name=\"twitter:label1\" content=\"Est. reading time\" \/>\n\t<meta name=\"twitter:data1\" content=\"2 minutes\" \/>\n<script type=\"application\/ld+json\" class=\"yoast-schema-graph\">{\"@context\":\"https:\\\/\\\/schema.org\",\"@graph\":[{\"@type\":\"WebPage\",\"@id\":\"https:\\\/\\\/www.mecaconcept.ca\\\/en\\\/machine-robotics-vision\\\/\",\"url\":\"https:\\\/\\\/www.mecaconcept.ca\\\/en\\\/machine-robotics-vision\\\/\",\"name\":\"Manufacture de machines sur-mesure, robotique et vision industrielle\",\"isPartOf\":{\"@id\":\"https:\\\/\\\/www.mecaconcept.ca\\\/#website\"},\"datePublished\":\"2022-12-01T09:06:43+00:00\",\"dateModified\":\"2023-08-03T07:31:50+00:00\",\"description\":\"MECACONCEPT Canada, bas\u00e9 \u00e0 Montr\u00e9al, QC est un fabricant d'\u00e9quipement industriel cl\u00e9 en main : int\u00e9gration robotique - machine sur-mesure - vision industrielle\",\"breadcrumb\":{\"@id\":\"https:\\\/\\\/www.mecaconcept.ca\\\/en\\\/machine-robotics-vision\\\/#breadcrumb\"},\"inLanguage\":\"en-US\",\"potentialAction\":[{\"@type\":\"ReadAction\",\"target\":[\"https:\\\/\\\/www.mecaconcept.ca\\\/en\\\/machine-robotics-vision\\\/\"]}]},{\"@type\":\"BreadcrumbList\",\"@id\":\"https:\\\/\\\/www.mecaconcept.ca\\\/en\\\/machine-robotics-vision\\\/#breadcrumb\",\"itemListElement\":[{\"@type\":\"ListItem\",\"position\":1,\"name\":\"Accueil\",\"item\":\"https:\\\/\\\/www.mecaconcept.ca\\\/en\\\/mecaconcept-canada-accueil\\\/\"},{\"@type\":\"ListItem\",\"position\":2,\"name\":\"Actu\"}]},{\"@type\":\"WebSite\",\"@id\":\"https:\\\/\\\/www.mecaconcept.ca\\\/#website\",\"url\":\"https:\\\/\\\/www.mecaconcept.ca\\\/\",\"name\":\"Mecaconcept Canada\",\"description\":\"machine industrielle sur mesure et calculs m\u00e9caniques au Qu\u00e9bec\",\"potentialAction\":[{\"@type\":\"SearchAction\",\"target\":{\"@type\":\"EntryPoint\",\"urlTemplate\":\"https:\\\/\\\/www.mecaconcept.ca\\\/?s={search_term_string}\"},\"query-input\":{\"@type\":\"PropertyValueSpecification\",\"valueRequired\":true,\"valueName\":\"search_term_string\"}}],\"inLanguage\":\"en-US\"}]}<\/script>\n<!-- \/ Yoast SEO Premium plugin. -->","yoast_head_json":{"title":"Manufacture de machines sur-mesure, robotique et vision industrielle","description":"MECACONCEPT Canada, bas\u00e9 \u00e0 Montr\u00e9al, QC est un fabricant d'\u00e9quipement industriel cl\u00e9 en main : int\u00e9gration robotique - machine sur-mesure - vision industrielle","robots":{"index":"index","follow":"follow","max-snippet":"max-snippet:-1","max-image-preview":"max-image-preview:large","max-video-preview":"max-video-preview:-1"},"canonical":"https:\/\/www.mecaconcept.ca\/en\/machine-robotics-vision\/","og_locale":"en_US","og_type":"article","og_title":"ACTUALITE MECACONCEPT","og_description":"MECACONCEPT Canada, bas\u00e9 \u00e0 Montr\u00e9al, QC est un fabricant d'\u00e9quipement industriel cl\u00e9 en main : int\u00e9gration robotique - machine sur-mesure - vision industrielle","og_url":"https:\/\/www.mecaconcept.ca\/en\/machine-robotics-vision\/","og_site_name":"Mecaconcept Canada","article_modified_time":"2023-08-03T07:31:50+00:00","twitter_card":"summary_large_image","twitter_title":"manufacturing_machine_robotics_vision","twitter_misc":{"Est. reading time":"2 minutes"},"schema":{"@context":"https:\/\/schema.org","@graph":[{"@type":"WebPage","@id":"https:\/\/www.mecaconcept.ca\/en\/machine-robotics-vision\/","url":"https:\/\/www.mecaconcept.ca\/en\/machine-robotics-vision\/","name":"Manufacture de machines sur-mesure, robotique et vision industrielle","isPartOf":{"@id":"https:\/\/www.mecaconcept.ca\/#website"},"datePublished":"2022-12-01T09:06:43+00:00","dateModified":"2023-08-03T07:31:50+00:00","description":"MECACONCEPT Canada, bas\u00e9 \u00e0 Montr\u00e9al, QC est un fabricant d'\u00e9quipement industriel cl\u00e9 en main : int\u00e9gration robotique - machine sur-mesure - vision industrielle","breadcrumb":{"@id":"https:\/\/www.mecaconcept.ca\/en\/machine-robotics-vision\/#breadcrumb"},"inLanguage":"en-US","potentialAction":[{"@type":"ReadAction","target":["https:\/\/www.mecaconcept.ca\/en\/machine-robotics-vision\/"]}]},{"@type":"BreadcrumbList","@id":"https:\/\/www.mecaconcept.ca\/en\/machine-robotics-vision\/#breadcrumb","itemListElement":[{"@type":"ListItem","position":1,"name":"Accueil","item":"https:\/\/www.mecaconcept.ca\/en\/mecaconcept-canada-accueil\/"},{"@type":"ListItem","position":2,"name":"Actu"}]},{"@type":"WebSite","@id":"https:\/\/www.mecaconcept.ca\/#website","url":"https:\/\/www.mecaconcept.ca\/","name":"Mecaconcept Canada","description":"machine industrielle sur mesure et calculs m\u00e9caniques au Qu\u00e9bec","potentialAction":[{"@type":"SearchAction","target":{"@type":"EntryPoint","urlTemplate":"https:\/\/www.mecaconcept.ca\/?s={search_term_string}"},"query-input":{"@type":"PropertyValueSpecification","valueRequired":true,"valueName":"search_term_string"}}],"inLanguage":"en-US"}]}},"_links":{"self":[{"href":"https:\/\/www.mecaconcept.ca\/en\/wp-json\/wp\/v2\/pages\/6197","targetHints":{"allow":["GET"]}}],"collection":[{"href":"https:\/\/www.mecaconcept.ca\/en\/wp-json\/wp\/v2\/pages"}],"about":[{"href":"https:\/\/www.mecaconcept.ca\/en\/wp-json\/wp\/v2\/types\/page"}],"author":[{"embeddable":true,"href":"https:\/\/www.mecaconcept.ca\/en\/wp-json\/wp\/v2\/users\/3"}],"replies":[{"embeddable":true,"href":"https:\/\/www.mecaconcept.ca\/en\/wp-json\/wp\/v2\/comments?post=6197"}],"version-history":[{"count":5,"href":"https:\/\/www.mecaconcept.ca\/en\/wp-json\/wp\/v2\/pages\/6197\/revisions"}],"predecessor-version":[{"id":6214,"href":"https:\/\/www.mecaconcept.ca\/en\/wp-json\/wp\/v2\/pages\/6197\/revisions\/6214"}],"wp:attachment":[{"href":"https:\/\/www.mecaconcept.ca\/en\/wp-json\/wp\/v2\/media?parent=6197"}],"curies":[{"name":"wp","href":"https:\/\/api.w.org\/{rel}","templated":true}]}}